{"id":3051,"date":"2024-12-05T15:06:55","date_gmt":"2024-12-05T21:06:55","guid":{"rendered":"https:\/\/globalassurance.com.mx\/?page_id=3051"},"modified":"2024-12-05T15:06:55","modified_gmt":"2024-12-05T21:06:55","slug":"aviso-de-privacidad","status":"publish","type":"page","link":"https:\/\/globalassurance.com.mx\/en\/aviso-de-privacidad\/","title":{"rendered":"Aviso de Privacidad"},"content":{"rendered":"<p><b>AVISO DE PRIVACIDAD \u2013CLIENTES<\/b><\/p>\n<p>En cumplimiento y con apego a lo establecido en la Ley Federal de Protecci\u00f3n de Datos Personales en Posesi\u00f3n de los Particulares y su Reglamento damos a conocer los siguientes puntos:<\/p>\n<p><b>Identidad y Domicilio del Responsable<\/b><\/p>\n<p>Para la protecci\u00f3n de los datos personales Global Assurance Brokers Agente de Seguros y de Fianzas, S.A. de C.V. (en lo sucesivo Global Assurance) es responsable del uso y manejo de los mismos, con domicilio en Corporativo Downtown Santa Fe Av. Santa Fe 428, Col. Santa Fe Cuajimalpa, C.P. 05348 CDMX Torre I Piso 10, mismo que est\u00e1 destinado para o\u00edr y recibir notificaciones.<\/p>\n<p><b>Datos personales que trata Global Assurance<\/b><\/p>\n<p>Global Assurance para cumplir con las finalidades se\u00f1aladas en el presente Aviso, tratar\u00e1 las siguientes categor\u00edas de datos:<\/p>\n<ol>\n<li>Identificaci\u00f3n<\/li>\n<li>Ubicaci\u00f3n<\/li>\n<li>Contacto<\/li>\n<li>Caracter\u00edsticas f\u00edsicas<\/li>\n<li>Patrimoniales<\/li>\n<li>Financieros<\/li>\n<li>Laborales, ocupaci\u00f3n y aficiones<\/li>\n<li>Acad\u00e9micos<\/li>\n<li>Biom\u00e9tricos<\/li>\n<\/ol>\n<p><b>Datos personales sensibles que trata Global Assurance<\/b><\/p>\n<p>Global Assurance \u00fanicamente recabar\u00e1 sus datos personales sensibles con el objetivo de brindarle una adecuada atenci\u00f3n con el servicio contratado. Los datos personales sensibles que recabemos de usted pueden revelar aspectos como origen racial o \u00e9tico y estado de salud presente y futuro. Estos ser\u00e1n utilizados para brindarle servicios de asistencia de y asesoramiento en el seguro; prevenci\u00f3n de riesgos y dem\u00e1s situaciones que requieran la atenci\u00f3n a requerimientos especiales. Asimismo, se podr\u00e1n utilizar dichos datos para cumplir con alguna disposici\u00f3n legal o mandamiento de autoridad competente.<\/p>\n<p>Estos datos sensibles ser\u00e1n tratados por Global Assurance bajo estrictas medidas de seguridad que garanticen su confidencialidad, \u00fanicamente para dar cumplimiento a las finalidades mencionadas en el presente aviso de privacidad, y realizando esfuerzos razonables a efecto de que el periodo de tratamiento de los mismos sea el m\u00ednimo indispensable.<\/p>\n<p><b>Datos personales de terceros<\/b><\/p>\n<p>En caso de que nos proporcione datos personales de terceros, usted deber\u00e1 contar previamente con el consentimiento del titular de dichos datos e informarle en donde se pone a su disposici\u00f3n el presente aviso de privacidad integral.<\/p>\n<p>Le informamos que es de especial inter\u00e9s para Global Assurance cuidar la informaci\u00f3n personal de los menores de edad y personas en estado de interdicci\u00f3n. Los datos personales que obtengamos de los menores de edad, en su caso, deber\u00e1n ser otorgados sin excepci\u00f3n alguna por el padre, madre o tutor, y ser\u00e1n tratados y protegidos bajo estrictas medidas de seguridad y confidencialidad.<\/p>\n<p><b>Finalidades Primarias<\/b><\/p>\n<p>Global Assurance tratar\u00e1 sus datos personales para las siguientes finalidades primarias y necesarias:<\/p>\n<ul>\n<li>Identificarlo<\/li>\n<li>Evaluar su solicitud de seguro<\/li>\n<li>Suscripci\u00f3n, emisi\u00f3n, investigaci\u00f3n, verificaci\u00f3n, validaci\u00f3n y confirmaci\u00f3n de los datos para la cotizaci\u00f3n.<\/li>\n<li>Ofrecimiento de programas de aseguramiento previamente solicitados<\/li>\n<li>Dar tr\u00e1mite a sus reclamaciones de siniestros<\/li>\n<li>Remisi\u00f3n de dichos datos a Instituciones de Seguros, con el fin de que est\u00e9n en posibilidad de evaluar el riesgo de cualquier propuesta de aseguramiento o bien calificar la procedencia de beneficio solicitado en caso de siniestro, o cualquier derecho sobre el servicio contratado.<\/li>\n<li>Para la evaluaci\u00f3n de su solicitud de seguro y, en su caso, emisi\u00f3n del contrato de seguro,<\/li>\n<li>Administraci\u00f3n, mantenimiento, y renovaci\u00f3n de la p\u00f3liza de seguro.<\/li>\n<li>Brindarle asesor\u00eda durante la relaci\u00f3n del seguro<\/li>\n<li>Dictaminar y tramitar las solicitudes de siniestros, prevenci\u00f3n de fraude y operaciones il\u00edcitas.<\/li>\n<li>Compartir su informaci\u00f3n con agentes de seguros, de acuerdo a las necesidades derivadas del cumplimiento del contrato.<\/li>\n<li>Presentarle correctamente los servicios contratados y realizar todas las actividades que resulten necesarias para cumplir con nuestra relaci\u00f3n jur\u00eddica y comercial.<\/li>\n<li>Gestionar los productos y\/o servicios solicitados;<\/li>\n<li>Contactarle y dar seguimiento al producto y\/o servicio solicitado;<\/li>\n<li>Emitir facturas;<\/li>\n<li>Realizar consultas, investigaciones y revisiones con relaci\u00f3n a sus quejas o reclamaciones y elaborar informes estad\u00edsticos;<\/li>\n<li>Para realizar todas las gestiones de cobro y subcontrataci\u00f3n derivadas de la relaci\u00f3n jur\u00eddica.<\/li>\n<\/ul>\n<p><b>Finalidades Secundarias<\/b><\/p>\n<p>Adem\u00e1s, si usted no manifiesta lo contrario, Global Assurance podr\u00e1 tratar su informaci\u00f3n para finalidades que no dan origen a la relaci\u00f3n jur\u00eddica entre usted y Global Assurance, pero que nos son de suma importancia y utilidad para:<\/p>\n<ul>\n<li>Encuestas, evaluaci\u00f3n y seguimiento de los servicios brindados.<\/li>\n<li>Ofrecimiento de productos, servicios y promociones.<\/li>\n<li>Mercadotecnia, publicidad y prospecci\u00f3n comercial.<\/li>\n<li>Informarle respecto de nuestros servicios actuales y nuevos.<\/li>\n<li>Conocer su opini\u00f3n y experiencia acerca del servicio<\/li>\n<\/ul>\n<p>Para las finalidades establecidas en el p\u00e1rrafo anterior, el titular de los datos cuenta con 5 (cinco) d\u00edas h\u00e1biles para manifestar su negativa. Independientemente de este plazo, usted podr\u00e1, en cualquier momento, comunicar su negativa al correo\u00a0<a href=\"mailto:privacidad@globalab.com.mx\">privacidad@globalab.com.mx<\/a>\u00a0la negativa para el uso de sus datos personales para fines adicionales, no podr\u00e1 ser un motivo para negarle los servicios solicitados o dar por terminada la relaci\u00f3n jur\u00eddica establecida con nosotros.<\/p>\n<p><b>Transferencia\u00a0<\/b><\/p>\n<p>Global Assurance para cumplir la(s) finalidad(es) necesarias anteriormente descrita(s) u otras aquellas exigidas legalmente o por las autoridades competentes, podr\u00e1 transferir sus datos personales a las siguientes personas f\u00edsicas o morales, sin que legalmente se requiera su consentimiento, en t\u00e9rminos del art\u00edculo 37 de la Ley de Protecci\u00f3n de Datos Personales en Posesi\u00f3n de los Particulares:<\/p>\n<ul>\n<li>Empresas con las que tengamos un contrato celebrado o por celebrar, que sea en su inter\u00e9s, con la finalidad de brindarle el servicio contratado y otorgarle beneficios.<\/li>\n<li>Agente de seguro, de acuerdo a las necesidades derivadas del cumplimiento del contrato, con la finalidad de cumplir con las disposiciones legales correspondientes, as\u00ed como para el esclarecimiento de incidentes o ejercicios de alg\u00fan derecho.<\/li>\n<li>M\u00e9dicos, param\u00e9dicos o prestadores de servicios sanitarios, en caso de que ocurriera alg\u00fan accidente, emergencia m\u00e9dica o situaci\u00f3n de salud, con la finalidad de poder asistir.<\/li>\n<li>Empresas con actividades comerciales, con la finalidad de prospecci\u00f3n comercial y venta de productos o servicios.<\/li>\n<li>Empresas con actividades de mercadotecnia y publicidad, con la finalidad de realizar estudios, encuestas de mercado y difundir publicidad en viajes y destinos.<\/li>\n<li>Empresas con actividades de cobranza judicial y extrajudicial, con la finalidad de recuperar cartera vencida, en su caso.<\/li>\n<\/ul>\n<p>Si usted no manifiesta su negativa para que realicemos esta(s) transferencia(s), entendemos que nos ha otorgado su consentimiento. Su negativa la puede manifestar desde este momento enviando un correo electr\u00f3nico a nuestro Comit\u00e9 de Protecci\u00f3n de Datos Personales, y se le indicara el procedimiento a seguir para ejercer su derecho.<\/p>\n<p>Limitar el uso o divulgaci\u00f3n de sus datos personales enviando su solicitud a la direcci\u00f3n\u00a0<a href=\"mailto:privacidad@globalab.com.mx\">privacidad@globalab.com.mx<\/a><\/p>\n<p>En caso de que su solicitud resulte procedente, Global Assurance lo registrar\u00e1 en el listado de exclusi\u00f3n para la finalidad para la cual es aplicable.<\/p>\n<p>Se hace de su conocimiento que existen otros mecanismos para limitar el uso y divulgaci\u00f3n de sus datos, como son el Registro P\u00fablico para Evitar Publicidad (REPEP) de la PROFECO, el Registro P\u00fablico de Usuarios (REUS) de la CONDUSEF, los cuales pueden consultar para obtener mayor informaci\u00f3n acerca de su registro en las p\u00e1ginas web de cada una de las dependencias.<\/p>\n<p><b>Comit\u00e9 de Protecci\u00f3n de Datos Personales<\/b><\/p>\n<p>Hacemos de su conocimiento que en todo momento usted tiene derecho al ejercicio de sus derechos ARCO (acceso, rectificaci\u00f3n, cancelaci\u00f3n y\/u oposici\u00f3n) sobre el tratamiento de sus datos personales, as\u00ed como a la revocaci\u00f3n del consentimiento que nos ha brindado. Para esto es necesario que se dirija al Comit\u00e9 de Protecci\u00f3n de Datos Personales de Global Assurance, el cual ha sido formalmente designado para atender las solicitudes de los titulares para el ejercicio de sus derechos, as\u00ed como fomentar y velar por la protecci\u00f3n de los datos personales que tenemos en nuestra posesi\u00f3n.<\/p>\n<p>Para todo lo relacionado con el tratamiento y protecci\u00f3n de los datos personales, usted podr\u00e1 contactarnos enviando un correo electr\u00f3nico a la siguiente direcci\u00f3n\u00a0<a href=\"mailto:privacidad@globalab.com.mx\">privacidad@globalab.com.mx<\/a><\/p>\n<p><b>Derechos ARCO<\/b><\/p>\n<p>Para el ejercicio de cualquiera de los derechos ARCO, usted deber\u00e1 presentar la solicitud respectiva a trav\u00e9s de un correo electr\u00f3nico dirigido a nuestro Comit\u00e9 de Protecci\u00f3n de Datos Personales, a la direcci\u00f3n\u00a0<a href=\"mailto:privacidad@globalab.com.mx\">privacidad@globalab.com.mx<\/a><\/p>\n<p>Para que el Comit\u00e9 de Protecci\u00f3n de Datos Personales de Global Assurance pueda darle seguimiento a su solicitud, usted o su representante legal, deber\u00e1 acreditar correctamente su identidad, para lo que es necesario que complete todos los campos indicados en la solicitud y lo acompa\u00f1e con copia de alguna de las identificaciones oficiales vigentes que se se\u00f1alan en el mismo.<\/p>\n<p>En caso de que la informaci\u00f3n proporcionada en la Solicitud sea err\u00f3nea o insuficiente, o bien, no se acompa\u00f1en los documentos de acreditaci\u00f3n correspondiente, el Comit\u00e9, dentro de los 5 (cinco) d\u00edas h\u00e1biles siguientes a la recepci\u00f3n de la solicitud, podr\u00e1 requerirle que aporte los elementos o documentos necesarios para dar tr\u00e1mite a la misma. Usted contar\u00e1 con 10 (diez) d\u00edas h\u00e1biles para atender el requerimiento, contados a partir del d\u00eda siguiente en que lo haya recibido. De no dar respuesta en dicho plazo, se tendr\u00e1 por no presentada la solicitud correspondiente.<\/p>\n<p>El Comit\u00e9 le comunicar\u00e1 la determinaci\u00f3n adoptada, en un plazo m\u00e1ximo de 20 (veinte) d\u00edas h\u00e1biles contados desde la fecha en que se recibi\u00f3 la solicitud, a efecto de que, si resulta procedente, haga efectiva la misma dentro de los 15 (quince) d\u00edas h\u00e1biles siguientes a que se comunique la respuesta. La respuesta se dar\u00e1 v\u00eda electr\u00f3nica a la direcci\u00f3n de correo que se especifique en la Solicitud.<\/p>\n<p><b>Mecanismos y procedimiento para revocar su consentimiento<\/b><\/p>\n<p>En los t\u00e9rminos de la normativa aplicable, usted puede revocar el consentimiento que nos haya otorgado. Sin embargo, es importante que tenga en cuenta que no en todos los casos ser\u00e1 procedente su solicitud, ya que es posible que por alguna obligaci\u00f3n legal requerimos seguir tratando sus datos personales.<\/p>\n<p>Para renovar su consentimiento deber\u00e1 presentar su solicitud a trav\u00e9s de un correo electr\u00f3nico a\u00a0<a href=\"mailto:privacidad@globalab.com.mx\">privacidad@globalab.com.mx<\/a>\u00a0dirigido a nuestro Comit\u00e9 de Protecci\u00f3n de Datos Personales, cumpliendo con los mismos requisitos se\u00f1alados en el apartado anterior.<\/p>\n<p><b>Modificaciones al presente Aviso de Privacidad\u00a0<\/b><\/p>\n<p>El presente Aviso de Privacidad puede sufrir modificaciones, cambios o actualizaciones derivadas de nuevos requerimientos legales.<\/p>\n<p>Global Assurance se compromete a mantenerlo informado sobre cualquier cambio que pueda sufrir el presente Aviso de Privacidad, mediante su publicaci\u00f3n en nuestra p\u00e1gina web\u00a0<a href=\"https:\/\/globalassurance.com.mx\/en\/\">http:\/\/www.globalassurance.com.mx<\/a><\/p>\n<p>&nbsp;<\/p>\n<p>\u00daltima actualizaci\u00f3n: Diciembre 2016<\/p>","protected":false},"excerpt":{"rendered":"<p>AVISO DE PRIVACIDAD \u2013CLIENTES En cumplimiento y con apego a lo establecido en la Ley Federal de Protecci\u00f3n de Datos Personales en Posesi\u00f3n de los Particulares y su Reglamento damos a conocer los siguientes puntos: Identidad y Domicilio del Responsable Para la protecci\u00f3n de los datos personales Global Assurance Brokers Agente de Seguros y de [&hellip;]<\/p>\n","protected":false},"author":1,"featured_media":0,"parent":0,"menu_order":0,"comment_status":"closed","ping_status":"closed","template":"","meta":{"_acf_changed":false,"footnotes":""},"class_list":["post-3051","page","type-page","status-publish","hentry"],"acf":[],"yoast_head":"<!-- This site is optimized with the Yoast SEO plugin v27.2 - https:\/\/yoast.com\/product\/yoast-seo-wordpress\/ -->\n<title>Aviso de Privacidad - Global Assurance<\/title>\n<meta name=\"robots\" content=\"index, follow, max-snippet:-1, max-image-preview:large, max-video-preview:-1\" \/>\n<link rel=\"canonical\" href=\"https:\/\/globalassurance.com.mx\/en\/aviso-de-privacidad\/\" \/>\n<meta property=\"og:locale\" content=\"en_US\" \/>\n<meta property=\"og:type\" content=\"article\" \/>\n<meta property=\"og:title\" content=\"Aviso de Privacidad - Global Assurance\" \/>\n<meta property=\"og:description\" content=\"AVISO DE PRIVACIDAD \u2013CLIENTES En cumplimiento y con apego a lo establecido en la Ley Federal de Protecci\u00f3n de Datos Personales en Posesi\u00f3n de los Particulares y su Reglamento damos a conocer los siguientes puntos: Identidad y Domicilio del Responsable Para la protecci\u00f3n de los datos personales Global Assurance Brokers Agente de Seguros y de [&hellip;]\" \/>\n<meta property=\"og:url\" content=\"https:\/\/globalassurance.com.mx\/en\/aviso-de-privacidad\/\" \/>\n<meta property=\"og:site_name\" content=\"Global Assurance\" \/>\n<meta name=\"twitter:card\" content=\"summary_large_image\" \/>\n<meta name=\"twitter:label1\" content=\"Est. reading time\" \/>\n\t<meta name=\"twitter:data1\" content=\"9 minutes\" \/>\n<script type=\"application\/ld+json\" class=\"yoast-schema-graph\">{\"@context\":\"https:\/\/schema.org\",\"@graph\":[{\"@type\":\"WebPage\",\"@id\":\"https:\/\/globalassurance.com.mx\/aviso-de-privacidad\/\",\"url\":\"https:\/\/globalassurance.com.mx\/aviso-de-privacidad\/\",\"name\":\"Aviso de Privacidad - Global Assurance\",\"isPartOf\":{\"@id\":\"https:\/\/globalassurance.com.mx\/#website\"},\"datePublished\":\"2024-12-05T21:06:55+00:00\",\"breadcrumb\":{\"@id\":\"https:\/\/globalassurance.com.mx\/aviso-de-privacidad\/#breadcrumb\"},\"inLanguage\":\"en-US\",\"potentialAction\":[{\"@type\":\"ReadAction\",\"target\":[\"https:\/\/globalassurance.com.mx\/aviso-de-privacidad\/\"]}]},{\"@type\":\"BreadcrumbList\",\"@id\":\"https:\/\/globalassurance.com.mx\/aviso-de-privacidad\/#breadcrumb\",\"itemListElement\":[{\"@type\":\"ListItem\",\"position\":1,\"name\":\"Portada\",\"item\":\"https:\/\/globalassurance.com.mx\/\"},{\"@type\":\"ListItem\",\"position\":2,\"name\":\"Aviso de Privacidad\"}]},{\"@type\":\"WebSite\",\"@id\":\"https:\/\/globalassurance.com.mx\/#website\",\"url\":\"https:\/\/globalassurance.com.mx\/\",\"name\":\"Global Assurance\",\"description\":\"\",\"potentialAction\":[{\"@type\":\"SearchAction\",\"target\":{\"@type\":\"EntryPoint\",\"urlTemplate\":\"https:\/\/globalassurance.com.mx\/?s={search_term_string}\"},\"query-input\":{\"@type\":\"PropertyValueSpecification\",\"valueRequired\":true,\"valueName\":\"search_term_string\"}}],\"inLanguage\":\"en-US\"}]}<\/script>\n<!-- \/ Yoast SEO plugin. -->","yoast_head_json":{"title":"Aviso de Privacidad - Global Assurance","robots":{"index":"index","follow":"follow","max-snippet":"max-snippet:-1","max-image-preview":"max-image-preview:large","max-video-preview":"max-video-preview:-1"},"canonical":"https:\/\/globalassurance.com.mx\/en\/aviso-de-privacidad\/","og_locale":"en_US","og_type":"article","og_title":"Aviso de Privacidad - Global Assurance","og_description":"AVISO DE PRIVACIDAD \u2013CLIENTES En cumplimiento y con apego a lo establecido en la Ley Federal de Protecci\u00f3n de Datos Personales en Posesi\u00f3n de los Particulares y su Reglamento damos a conocer los siguientes puntos: Identidad y Domicilio del Responsable Para la protecci\u00f3n de los datos personales Global Assurance Brokers Agente de Seguros y de [&hellip;]","og_url":"https:\/\/globalassurance.com.mx\/en\/aviso-de-privacidad\/","og_site_name":"Global Assurance","twitter_card":"summary_large_image","twitter_misc":{"Est. reading time":"9 minutes"},"schema":{"@context":"https:\/\/schema.org","@graph":[{"@type":"WebPage","@id":"https:\/\/globalassurance.com.mx\/aviso-de-privacidad\/","url":"https:\/\/globalassurance.com.mx\/aviso-de-privacidad\/","name":"Aviso de Privacidad - Global Assurance","isPartOf":{"@id":"https:\/\/globalassurance.com.mx\/#website"},"datePublished":"2024-12-05T21:06:55+00:00","breadcrumb":{"@id":"https:\/\/globalassurance.com.mx\/aviso-de-privacidad\/#breadcrumb"},"inLanguage":"en-US","potentialAction":[{"@type":"ReadAction","target":["https:\/\/globalassurance.com.mx\/aviso-de-privacidad\/"]}]},{"@type":"BreadcrumbList","@id":"https:\/\/globalassurance.com.mx\/aviso-de-privacidad\/#breadcrumb","itemListElement":[{"@type":"ListItem","position":1,"name":"Portada","item":"https:\/\/globalassurance.com.mx\/"},{"@type":"ListItem","position":2,"name":"Aviso de Privacidad"}]},{"@type":"WebSite","@id":"https:\/\/globalassurance.com.mx\/#website","url":"https:\/\/globalassurance.com.mx\/","name":"Global Assurance","description":"","potentialAction":[{"@type":"SearchAction","target":{"@type":"EntryPoint","urlTemplate":"https:\/\/globalassurance.com.mx\/?s={search_term_string}"},"query-input":{"@type":"PropertyValueSpecification","valueRequired":true,"valueName":"search_term_string"}}],"inLanguage":"en-US"}]}},"_links":{"self":[{"href":"https:\/\/globalassurance.com.mx\/en\/wp-json\/wp\/v2\/pages\/3051","targetHints":{"allow":["GET"]}}],"collection":[{"href":"https:\/\/globalassurance.com.mx\/en\/wp-json\/wp\/v2\/pages"}],"about":[{"href":"https:\/\/globalassurance.com.mx\/en\/wp-json\/wp\/v2\/types\/page"}],"author":[{"embeddable":true,"href":"https:\/\/globalassurance.com.mx\/en\/wp-json\/wp\/v2\/users\/1"}],"replies":[{"embeddable":true,"href":"https:\/\/globalassurance.com.mx\/en\/wp-json\/wp\/v2\/comments?post=3051"}],"version-history":[{"count":0,"href":"https:\/\/globalassurance.com.mx\/en\/wp-json\/wp\/v2\/pages\/3051\/revisions"}],"wp:attachment":[{"href":"https:\/\/globalassurance.com.mx\/en\/wp-json\/wp\/v2\/media?parent=3051"}],"curies":[{"name":"wp","href":"https:\/\/api.w.org\/{rel}","templated":true}]}}